{"id":965,"date":"2025-10-08T13:09:50","date_gmt":"2025-10-08T19:09:50","guid":{"rendered":"https:\/\/financetechlatam.com\/?page_id=965"},"modified":"2025-11-06T14:51:17","modified_gmt":"2025-11-06T20:51:17","slug":"contable-y-financiera","status":"publish","type":"page","link":"https:\/\/financetechlatam.com\/en\/contable-y-financiera\/","title":{"rendered":"Tecnolog\u00edas financieras"},"content":{"rendered":"<div data-elementor-type=\"wp-page\" data-elementor-id=\"965\" class=\"elementor elementor-965\">\n\t\t\t\t<div class=\"elementor-element elementor-element-eed00b0 e-flex e-con-boxed e-con e-parent\" data-id=\"eed00b0\" data-element_type=\"container\" data-settings=\"{&quot;background_background&quot;:&quot;classic&quot;}\">\n\t\t\t\t\t<div class=\"e-con-inner\">\n\t\t\t\t<div class=\"elementor-element elementor-element-6abd58a elementor-widget elementor-widget-image\" data-id=\"6abd58a\" data-element_type=\"widget\" data-widget_type=\"image.default\">\n\t\t\t\t<div class=\"elementor-widget-container\">\n\t\t\t\t\t\t\t\t\t\t\t\t\t\t\t<img fetchpriority=\"high\" decoding=\"async\" width=\"800\" height=\"408\" src=\"https:\/\/financetechlatam.com\/wp-content\/uploads\/2025\/11\/Tecologia-1024x522.jpg\" class=\"attachment-large size-large wp-image-1660\" alt=\"\" srcset=\"https:\/\/financetechlatam.com\/wp-content\/uploads\/2025\/11\/Tecologia-1024x522.jpg 1024w, https:\/\/financetechlatam.com\/wp-content\/uploads\/2025\/11\/Tecologia-300x153.jpg 300w, https:\/\/financetechlatam.com\/wp-content\/uploads\/2025\/11\/Tecologia-768x391.jpg 768w, https:\/\/financetechlatam.com\/wp-content\/uploads\/2025\/11\/Tecologia-1536x783.jpg 1536w, https:\/\/financetechlatam.com\/wp-content\/uploads\/2025\/11\/Tecologia-18x9.jpg 18w, https:\/\/financetechlatam.com\/wp-content\/uploads\/2025\/11\/Tecologia.jpg 1795w\" sizes=\"(max-width: 800px) 100vw, 800px\" \/>\t\t\t\t\t\t\t\t\t\t\t\t\t\t\t<\/div>\n\t\t\t\t<\/div>\n\t\t\t\t\t<\/div>\n\t\t\t\t<\/div>\n\t\t<div class=\"elementor-element elementor-element-eb0b295 e-flex e-con-boxed e-con e-parent\" data-id=\"eb0b295\" data-element_type=\"container\" data-settings=\"{&quot;background_background&quot;:&quot;classic&quot;}\">\n\t\t\t\t\t<div class=\"e-con-inner\">\n\t\t<div class=\"elementor-element elementor-element-2198729 e-con-full e-flex e-con e-child\" data-id=\"2198729\" data-element_type=\"container\">\n\t\t\t\t<div class=\"elementor-element elementor-element-a3fb893 elementor-widget elementor-widget-image\" data-id=\"a3fb893\" data-element_type=\"widget\" data-widget_type=\"image.default\">\n\t\t\t\t<div class=\"elementor-widget-container\">\n\t\t\t\t\t\t\t\t\t\t\t\t\t\t\t<img decoding=\"async\" width=\"455\" height=\"289\" src=\"https:\/\/financetechlatam.com\/wp-content\/uploads\/2025\/10\/logo2.jpg\" class=\"attachment-large size-large wp-image-1610\" alt=\"\" srcset=\"https:\/\/financetechlatam.com\/wp-content\/uploads\/2025\/10\/logo2.jpg 455w, https:\/\/financetechlatam.com\/wp-content\/uploads\/2025\/10\/logo2-300x191.jpg 300w, https:\/\/financetechlatam.com\/wp-content\/uploads\/2025\/10\/logo2-18x12.jpg 18w\" sizes=\"(max-width: 455px) 100vw, 455px\" \/>\t\t\t\t\t\t\t\t\t\t\t\t\t\t\t<\/div>\n\t\t\t\t<\/div>\n\t\t\t\t<\/div>\n\t\t<div class=\"elementor-element elementor-element-e08af85 e-con-full e-flex e-con e-child\" data-id=\"e08af85\" data-element_type=\"container\">\n\t\t<div class=\"elementor-element elementor-element-f7c8486 e-con-full e-flex e-con e-child\" data-id=\"f7c8486\" data-element_type=\"container\">\n\t\t\t\t<div class=\"elementor-element elementor-element-0eb6517 elementor-widget elementor-widget-heading\" data-id=\"0eb6517\" data-element_type=\"widget\" data-widget_type=\"heading.default\">\n\t\t\t\t<div class=\"elementor-widget-container\">\n\t\t\t\t\t<h2 class=\"elementor-heading-title elementor-size-default\">\u00bfQui\u00e9nes Somos?<\/h2>\t\t\t\t<\/div>\n\t\t\t\t<\/div>\n\t\t\t\t<\/div>\n\t\t<div class=\"elementor-element elementor-element-85b23f2 e-con-full e-flex e-con e-child\" data-id=\"85b23f2\" data-element_type=\"container\">\n\t\t\t\t<div class=\"elementor-element elementor-element-62f772f elementor-widget elementor-widget-text-editor\" data-id=\"62f772f\" data-element_type=\"widget\" data-widget_type=\"text-editor.default\">\n\t\t\t\t<div class=\"elementor-widget-container\">\n\t\t\t\t\t\t\t\t\t<p>Somos una empresa latinoamericana<br \/>especializada en FinTech, Blockchain,<br \/>Criptomonedas, Trading y Coaching<br \/>Financiero. Ayudamos a particulares y<br \/>empresas a acceder a oportunidades<br \/>de inversi\u00f3n global con seguridad,<br \/>transparencia y asesor\u00eda experta..<\/p>\t\t\t\t\t\t\t\t<\/div>\n\t\t\t\t<\/div>\n\t\t\t\t<\/div>\n\t\t\t\t<\/div>\n\t\t\t\t\t<\/div>\n\t\t\t\t<\/div>\n\t\t<div class=\"elementor-element elementor-element-6ce52db e-flex e-con-boxed e-con e-parent\" data-id=\"6ce52db\" data-element_type=\"container\" data-settings=\"{&quot;background_background&quot;:&quot;classic&quot;}\">\n\t\t\t\t\t<div class=\"e-con-inner\">\n\t\t\t\t<div class=\"elementor-element elementor-element-81aa8e6 elementor-widget elementor-widget-heading\" data-id=\"81aa8e6\" data-element_type=\"widget\" data-widget_type=\"heading.default\">\n\t\t\t\t<div class=\"elementor-widget-container\">\n\t\t\t\t\t<h2 class=\"elementor-heading-title elementor-size-default\">Nuestros Servicios<\/h2>\t\t\t\t<\/div>\n\t\t\t\t<\/div>\n\t\t\t\t\t<\/div>\n\t\t\t\t<\/div>\n\t\t<div class=\"elementor-element elementor-element-1071ce4 e-flex e-con-boxed e-con e-parent\" data-id=\"1071ce4\" data-element_type=\"container\" data-settings=\"{&quot;background_background&quot;:&quot;classic&quot;}\">\n\t\t\t\t\t<div class=\"e-con-inner\">\n\t\t<div class=\"elementor-element elementor-element-e57e8da e-con-full e-flex e-con e-child\" data-id=\"e57e8da\" data-element_type=\"container\">\n\t\t\t\t<div class=\"elementor-element elementor-element-32a74de elementor-widget elementor-widget-image\" data-id=\"32a74de\" data-element_type=\"widget\" data-widget_type=\"image.default\">\n\t\t\t\t<div class=\"elementor-widget-container\">\n\t\t\t\t\t\t\t\t\t\t\t\t\t\t\t<img decoding=\"async\" width=\"529\" height=\"745\" src=\"https:\/\/financetechlatam.com\/wp-content\/uploads\/2025\/10\/fondoT1.jpg\" class=\"attachment-large size-large wp-image-1419\" alt=\"\" srcset=\"https:\/\/financetechlatam.com\/wp-content\/uploads\/2025\/10\/fondoT1.jpg 529w, https:\/\/financetechlatam.com\/wp-content\/uploads\/2025\/10\/fondoT1-213x300.jpg 213w, https:\/\/financetechlatam.com\/wp-content\/uploads\/2025\/10\/fondoT1-9x12.jpg 9w\" sizes=\"(max-width: 529px) 100vw, 529px\" \/>\t\t\t\t\t\t\t\t\t\t\t\t\t\t\t<\/div>\n\t\t\t\t<\/div>\n\t\t\t\t<\/div>\n\t\t<div class=\"elementor-element elementor-element-1edeebd e-con-full e-flex e-con e-child\" data-id=\"1edeebd\" data-element_type=\"container\">\n\t\t\t\t<div class=\"elementor-element elementor-element-61b3f4f elementor-widget elementor-widget-image\" data-id=\"61b3f4f\" data-element_type=\"widget\" data-widget_type=\"image.default\">\n\t\t\t\t<div class=\"elementor-widget-container\">\n\t\t\t\t\t\t\t\t\t\t\t\t\t\t\t<img loading=\"lazy\" decoding=\"async\" width=\"529\" height=\"745\" src=\"https:\/\/financetechlatam.com\/wp-content\/uploads\/2025\/10\/fondoT2.jpg\" class=\"attachment-large size-large wp-image-1420\" alt=\"\" srcset=\"https:\/\/financetechlatam.com\/wp-content\/uploads\/2025\/10\/fondoT2.jpg 529w, https:\/\/financetechlatam.com\/wp-content\/uploads\/2025\/10\/fondoT2-213x300.jpg 213w, https:\/\/financetechlatam.com\/wp-content\/uploads\/2025\/10\/fondoT2-9x12.jpg 9w\" sizes=\"(max-width: 529px) 100vw, 529px\" \/>\t\t\t\t\t\t\t\t\t\t\t\t\t\t\t<\/div>\n\t\t\t\t<\/div>\n\t\t\t\t<\/div>\n\t\t<div class=\"elementor-element elementor-element-930969b e-con-full e-flex e-con e-child\" data-id=\"930969b\" data-element_type=\"container\">\n\t\t\t\t<div class=\"elementor-element elementor-element-a3b8b82 elementor-widget elementor-widget-image\" data-id=\"a3b8b82\" data-element_type=\"widget\" data-widget_type=\"image.default\">\n\t\t\t\t<div class=\"elementor-widget-container\">\n\t\t\t\t\t\t\t\t\t\t\t\t\t\t\t<img loading=\"lazy\" decoding=\"async\" width=\"529\" height=\"745\" src=\"https:\/\/financetechlatam.com\/wp-content\/uploads\/2025\/10\/fondoT3.jpg\" class=\"attachment-large size-large wp-image-1421\" alt=\"\" srcset=\"https:\/\/financetechlatam.com\/wp-content\/uploads\/2025\/10\/fondoT3.jpg 529w, https:\/\/financetechlatam.com\/wp-content\/uploads\/2025\/10\/fondoT3-213x300.jpg 213w, https:\/\/financetechlatam.com\/wp-content\/uploads\/2025\/10\/fondoT3-9x12.jpg 9w\" sizes=\"(max-width: 529px) 100vw, 529px\" \/>\t\t\t\t\t\t\t\t\t\t\t\t\t\t\t<\/div>\n\t\t\t\t<\/div>\n\t\t\t\t<\/div>\n\t\t<div class=\"elementor-element elementor-element-8e4ba8f e-con-full e-flex e-con e-child\" data-id=\"8e4ba8f\" data-element_type=\"container\">\n\t\t\t\t<div class=\"elementor-element elementor-element-52b7dd7 elementor-widget elementor-widget-image\" data-id=\"52b7dd7\" data-element_type=\"widget\" data-widget_type=\"image.default\">\n\t\t\t\t<div class=\"elementor-widget-container\">\n\t\t\t\t\t\t\t\t\t\t\t\t\t\t\t<img loading=\"lazy\" decoding=\"async\" width=\"529\" height=\"745\" src=\"https:\/\/financetechlatam.com\/wp-content\/uploads\/2025\/10\/fondoT4.jpg\" class=\"attachment-large size-large wp-image-1422\" alt=\"\" srcset=\"https:\/\/financetechlatam.com\/wp-content\/uploads\/2025\/10\/fondoT4.jpg 529w, https:\/\/financetechlatam.com\/wp-content\/uploads\/2025\/10\/fondoT4-213x300.jpg 213w, https:\/\/financetechlatam.com\/wp-content\/uploads\/2025\/10\/fondoT4-9x12.jpg 9w\" sizes=\"(max-width: 529px) 100vw, 529px\" \/>\t\t\t\t\t\t\t\t\t\t\t\t\t\t\t<\/div>\n\t\t\t\t<\/div>\n\t\t\t\t<\/div>\n\t\t\t\t\t<\/div>\n\t\t\t\t<\/div>\n\t\t<div class=\"elementor-element elementor-element-bd2da30 e-flex e-con-boxed e-con e-parent\" data-id=\"bd2da30\" data-element_type=\"container\" data-settings=\"{&quot;background_background&quot;:&quot;classic&quot;}\">\n\t\t\t\t\t<div class=\"e-con-inner\">\n\t\t<div class=\"elementor-element elementor-element-6959334 e-con-full e-flex e-con e-child\" data-id=\"6959334\" data-element_type=\"container\">\n\t\t\t\t<div class=\"elementor-element elementor-element-9eb5d2c elementor-widget elementor-widget-image\" data-id=\"9eb5d2c\" data-element_type=\"widget\" data-widget_type=\"image.default\">\n\t\t\t\t<div class=\"elementor-widget-container\">\n\t\t\t\t\t\t\t\t\t\t\t\t\t\t\t<img loading=\"lazy\" decoding=\"async\" width=\"683\" height=\"1024\" src=\"https:\/\/financetechlatam.com\/wp-content\/uploads\/2025\/10\/pexels-tiger-lily-7108043-683x1024.jpg\" class=\"attachment-large size-large wp-image-998\" alt=\"\" srcset=\"https:\/\/financetechlatam.com\/wp-content\/uploads\/2025\/10\/pexels-tiger-lily-7108043-683x1024.jpg 683w, https:\/\/financetechlatam.com\/wp-content\/uploads\/2025\/10\/pexels-tiger-lily-7108043-200x300.jpg 200w, https:\/\/financetechlatam.com\/wp-content\/uploads\/2025\/10\/pexels-tiger-lily-7108043-768x1152.jpg 768w, https:\/\/financetechlatam.com\/wp-content\/uploads\/2025\/10\/pexels-tiger-lily-7108043-1024x1536.jpg 1024w, https:\/\/financetechlatam.com\/wp-content\/uploads\/2025\/10\/pexels-tiger-lily-7108043-1365x2048.jpg 1365w, https:\/\/financetechlatam.com\/wp-content\/uploads\/2025\/10\/pexels-tiger-lily-7108043-8x12.jpg 8w, https:\/\/financetechlatam.com\/wp-content\/uploads\/2025\/10\/pexels-tiger-lily-7108043-scaled.jpg 1706w\" sizes=\"(max-width: 683px) 100vw, 683px\" \/>\t\t\t\t\t\t\t\t\t\t\t\t\t\t\t<\/div>\n\t\t\t\t<\/div>\n\t\t\t\t<\/div>\n\t\t<div class=\"elementor-element elementor-element-8e5bc3d e-con-full e-flex e-con e-child\" data-id=\"8e5bc3d\" data-element_type=\"container\">\n\t\t<div class=\"elementor-element elementor-element-a6a984a e-con-full e-flex e-con e-child\" data-id=\"a6a984a\" data-element_type=\"container\">\n\t\t\t\t<div class=\"elementor-element elementor-element-237ec67 elementor-widget elementor-widget-heading\" data-id=\"237ec67\" data-element_type=\"widget\" data-widget_type=\"heading.default\">\n\t\t\t\t<div class=\"elementor-widget-container\">\n\t\t\t\t\t<h2 class=\"elementor-heading-title elementor-size-default\">Educaci\u00f3n y\nRecursos<\/h2>\t\t\t\t<\/div>\n\t\t\t\t<\/div>\n\t\t\t\t<\/div>\n\t\t<div class=\"elementor-element elementor-element-63542a9 e-con-full e-flex e-con e-child\" data-id=\"63542a9\" data-element_type=\"container\">\n\t\t\t\t<div class=\"elementor-element elementor-element-239cae0 elementor-widget elementor-widget-text-editor\" data-id=\"239cae0\" data-element_type=\"widget\" data-widget_type=\"text-editor.default\">\n\t\t\t\t<div class=\"elementor-widget-container\">\n\t\t\t\t\t\t\t\t\t<p>Creemos que educar es empoderar.<\/p><p>Ofrecemos webinars, gu\u00edas, ebooks y<\/p><p>an\u00e1lisis de mercado para ayudarte a mejorar<\/p><p>tu toma de decisiones financieras..<\/p>\t\t\t\t\t\t\t\t<\/div>\n\t\t\t\t<\/div>\n\t\t\t\t<\/div>\n\t\t\t\t<\/div>\n\t\t\t\t\t<\/div>\n\t\t\t\t<\/div>\n\t\t<div class=\"elementor-element elementor-element-8cdb514 e-flex e-con-boxed e-con e-parent\" data-id=\"8cdb514\" data-element_type=\"container\" data-settings=\"{&quot;background_background&quot;:&quot;classic&quot;}\">\n\t\t\t\t\t<div class=\"e-con-inner\">\n\t\t<div class=\"elementor-element elementor-element-35859fe e-con-full e-flex e-con e-child\" data-id=\"35859fe\" data-element_type=\"container\">\n\t\t\t\t<div class=\"elementor-element elementor-element-caf8d13 elementor-widget elementor-widget-image\" data-id=\"caf8d13\" data-element_type=\"widget\" data-widget_type=\"image.default\">\n\t\t\t\t<div class=\"elementor-widget-container\">\n\t\t\t\t\t\t\t\t\t\t\t\t\t\t\t<img loading=\"lazy\" decoding=\"async\" width=\"727\" height=\"1024\" src=\"https:\/\/financetechlatam.com\/wp-content\/uploads\/2025\/10\/Logo1-727x1024.jpg\" class=\"attachment-large size-large wp-image-1490\" alt=\"\" srcset=\"https:\/\/financetechlatam.com\/wp-content\/uploads\/2025\/10\/Logo1-727x1024.jpg 727w, https:\/\/financetechlatam.com\/wp-content\/uploads\/2025\/10\/Logo1-213x300.jpg 213w, https:\/\/financetechlatam.com\/wp-content\/uploads\/2025\/10\/Logo1-768x1082.jpg 768w, https:\/\/financetechlatam.com\/wp-content\/uploads\/2025\/10\/Logo1-1091x1536.jpg 1091w, https:\/\/financetechlatam.com\/wp-content\/uploads\/2025\/10\/Logo1-1454x2048.jpg 1454w, https:\/\/financetechlatam.com\/wp-content\/uploads\/2025\/10\/Logo1-9x12.jpg 9w, https:\/\/financetechlatam.com\/wp-content\/uploads\/2025\/10\/Logo1-scaled.jpg 1818w\" sizes=\"(max-width: 727px) 100vw, 727px\" \/>\t\t\t\t\t\t\t\t\t\t\t\t\t\t\t<\/div>\n\t\t\t\t<\/div>\n\t\t\t\t<\/div>\n\t\t<div class=\"elementor-element elementor-element-cc7f8ce e-con-full e-flex e-con e-child\" data-id=\"cc7f8ce\" data-element_type=\"container\">\n\t\t<div class=\"elementor-element elementor-element-4770097 e-con-full e-flex e-con e-child\" data-id=\"4770097\" data-element_type=\"container\">\n\t\t\t\t<div class=\"elementor-element elementor-element-11cfc63 elementor-widget elementor-widget-heading\" data-id=\"11cfc63\" data-element_type=\"widget\" data-widget_type=\"heading.default\">\n\t\t\t\t<div class=\"elementor-widget-container\">\n\t\t\t\t\t<h2 class=\"elementor-heading-title elementor-size-default\">Da el siguiente paso hacia tu\nfuturo financiero<\/h2>\t\t\t\t<\/div>\n\t\t\t\t<\/div>\n\t\t\t\t<\/div>\n\t\t<div class=\"elementor-element elementor-element-1a67b92 e-con-full e-flex e-con e-child\" data-id=\"1a67b92\" data-element_type=\"container\">\n\t\t\t\t<div class=\"elementor-element elementor-element-da37375 elementor-icon-list--layout-traditional elementor-list-item-link-full_width elementor-widget elementor-widget-icon-list\" data-id=\"da37375\" data-element_type=\"widget\" data-widget_type=\"icon-list.default\">\n\t\t\t\t<div class=\"elementor-widget-container\">\n\t\t\t\t\t\t\t<ul class=\"elementor-icon-list-items\">\n\t\t\t\t\t\t\t<li class=\"elementor-icon-list-item\">\n\t\t\t\t\t\t\t\t\t\t\t<span class=\"elementor-icon-list-icon\">\n\t\t\t\t\t\t\t<svg aria-hidden=\"true\" class=\"e-font-icon-svg e-fas-dot-circle\" viewbox=\"0 0 512 512\" xmlns=\"http:\/\/www.w3.org\/2000\/svg\"><path d=\"M256 8C119.033 8 8 119.033 8 256s111.033 248 248 248 248-111.033 248-248S392.967 8 256 8zm80 248c0 44.112-35.888 80-80 80s-80-35.888-80-80 35.888-80 80-80 80 35.888 80 80z\"><\/path><\/svg>\t\t\t\t\t\t<\/span>\n\t\t\t\t\t\t\t\t\t\t<span class=\"elementor-icon-list-text\">Tecnolog\u00edas financieras<\/span>\n\t\t\t\t\t\t\t\t\t<\/li>\n\t\t\t\t\t\t<\/ul>\n\t\t\t\t\t\t<\/div>\n\t\t\t\t<\/div>\n\t\t\t\t<\/div>\n\t\t\t\t<\/div>\n\t\t\t\t\t<\/div>\n\t\t\t\t<\/div>\n\t\t\t\t<\/div>","protected":false},"excerpt":{"rendered":"<p>\u00bfQui\u00e9nes Somos? Somos una empresa latinoamericanaespecializada en FinTech, Blockchain,Criptomonedas, Trading y CoachingFinanciero. Ayudamos a particulares yempresas a acceder a oportunidadesde inversi\u00f3n global con seguridad,transparencia y asesor\u00eda experta.. Nuestros Servicios Educaci\u00f3n y Recursos Creemos que educar es empoderar. Ofrecemos webinars, gu\u00edas, ebooks y an\u00e1lisis de mercado para ayudarte a mejorar tu toma de decisiones financieras.. Da [&hellip;]<\/p>","protected":false},"author":1,"featured_media":0,"parent":0,"menu_order":0,"comment_status":"closed","ping_status":"closed","template":"","meta":{"_joinchat":[],"footnotes":""},"class_list":["post-965","page","type-page","status-publish","hentry"],"yoast_head":"<!-- This site is optimized with the Yoast SEO plugin v26.3 - https:\/\/yoast.com\/wordpress\/plugins\/seo\/ -->\n<title>Tecnolog\u00edas financieras - Financetechlatam<\/title>\n<meta name=\"robots\" content=\"index, follow, max-snippet:-1, max-image-preview:large, max-video-preview:-1\" \/>\n<link rel=\"canonical\" href=\"https:\/\/financetechlatam.com\/en\/contable-y-financiera\/\" \/>\n<meta property=\"og:locale\" content=\"en_US\" \/>\n<meta property=\"og:type\" content=\"article\" \/>\n<meta property=\"og:title\" content=\"Tecnolog\u00edas financieras - Financetechlatam\" \/>\n<meta property=\"og:description\" content=\"\u00bfQui\u00e9nes Somos? Somos una empresa latinoamericanaespecializada en FinTech, Blockchain,Criptomonedas, Trading y CoachingFinanciero. Ayudamos a particulares yempresas a acceder a oportunidadesde inversi\u00f3n global con seguridad,transparencia y asesor\u00eda experta.. Nuestros Servicios Educaci\u00f3n y Recursos Creemos que educar es empoderar. Ofrecemos webinars, gu\u00edas, ebooks y an\u00e1lisis de mercado para ayudarte a mejorar tu toma de decisiones financieras.. Da [&hellip;]\" \/>\n<meta property=\"og:url\" content=\"https:\/\/financetechlatam.com\/en\/contable-y-financiera\/\" \/>\n<meta property=\"og:site_name\" content=\"Financetechlatam\" \/>\n<meta property=\"article:modified_time\" content=\"2025-11-06T20:51:17+00:00\" \/>\n<meta property=\"og:image\" content=\"https:\/\/financetechlatam.com\/wp-content\/uploads\/2025\/11\/Tecologia-1024x522.jpg\" \/>\n<meta name=\"twitter:card\" content=\"summary_large_image\" \/>\n<meta name=\"twitter:label1\" content=\"Est. reading time\" \/>\n\t<meta name=\"twitter:data1\" content=\"2 minutes\" \/>\n<script type=\"application\/ld+json\" class=\"yoast-schema-graph\">{\"@context\":\"https:\/\/schema.org\",\"@graph\":[{\"@type\":\"WebPage\",\"@id\":\"https:\/\/financetechlatam.com\/contable-y-financiera\/\",\"url\":\"https:\/\/financetechlatam.com\/contable-y-financiera\/\",\"name\":\"Tecnolog\u00edas financieras - Financetechlatam\",\"isPartOf\":{\"@id\":\"https:\/\/financetechlatam.com\/#website\"},\"primaryImageOfPage\":{\"@id\":\"https:\/\/financetechlatam.com\/contable-y-financiera\/#primaryimage\"},\"image\":{\"@id\":\"https:\/\/financetechlatam.com\/contable-y-financiera\/#primaryimage\"},\"thumbnailUrl\":\"https:\/\/financetechlatam.com\/wp-content\/uploads\/2025\/11\/Tecologia-1024x522.jpg\",\"datePublished\":\"2025-10-08T19:09:50+00:00\",\"dateModified\":\"2025-11-06T20:51:17+00:00\",\"breadcrumb\":{\"@id\":\"https:\/\/financetechlatam.com\/contable-y-financiera\/#breadcrumb\"},\"inLanguage\":\"en-US\",\"potentialAction\":[{\"@type\":\"ReadAction\",\"target\":[\"https:\/\/financetechlatam.com\/contable-y-financiera\/\"]}]},{\"@type\":\"ImageObject\",\"inLanguage\":\"en-US\",\"@id\":\"https:\/\/financetechlatam.com\/contable-y-financiera\/#primaryimage\",\"url\":\"https:\/\/financetechlatam.com\/wp-content\/uploads\/2025\/11\/Tecologia-1024x522.jpg\",\"contentUrl\":\"https:\/\/financetechlatam.com\/wp-content\/uploads\/2025\/11\/Tecologia-1024x522.jpg\"},{\"@type\":\"BreadcrumbList\",\"@id\":\"https:\/\/financetechlatam.com\/contable-y-financiera\/#breadcrumb\",\"itemListElement\":[{\"@type\":\"ListItem\",\"position\":1,\"name\":\"Portada\",\"item\":\"https:\/\/financetechlatam.com\/\"},{\"@type\":\"ListItem\",\"position\":2,\"name\":\"Tecnolog\u00edas financieras\"}]},{\"@type\":\"WebSite\",\"@id\":\"https:\/\/financetechlatam.com\/#website\",\"url\":\"https:\/\/financetechlatam.com\/\",\"name\":\"Financetechlatam\",\"description\":\"\",\"potentialAction\":[{\"@type\":\"SearchAction\",\"target\":{\"@type\":\"EntryPoint\",\"urlTemplate\":\"https:\/\/financetechlatam.com\/?s={search_term_string}\"},\"query-input\":{\"@type\":\"PropertyValueSpecification\",\"valueRequired\":true,\"valueName\":\"search_term_string\"}}],\"inLanguage\":\"en-US\"}]}<\/script>\n<!-- \/ Yoast SEO plugin. -->","yoast_head_json":{"title":"Tecnolog\u00edas financieras - Financetechlatam","robots":{"index":"index","follow":"follow","max-snippet":"max-snippet:-1","max-image-preview":"max-image-preview:large","max-video-preview":"max-video-preview:-1"},"canonical":"https:\/\/financetechlatam.com\/en\/contable-y-financiera\/","og_locale":"en_US","og_type":"article","og_title":"Tecnolog\u00edas financieras - Financetechlatam","og_description":"\u00bfQui\u00e9nes Somos? Somos una empresa latinoamericanaespecializada en FinTech, Blockchain,Criptomonedas, Trading y CoachingFinanciero. Ayudamos a particulares yempresas a acceder a oportunidadesde inversi\u00f3n global con seguridad,transparencia y asesor\u00eda experta.. Nuestros Servicios Educaci\u00f3n y Recursos Creemos que educar es empoderar. Ofrecemos webinars, gu\u00edas, ebooks y an\u00e1lisis de mercado para ayudarte a mejorar tu toma de decisiones financieras.. Da [&hellip;]","og_url":"https:\/\/financetechlatam.com\/en\/contable-y-financiera\/","og_site_name":"Financetechlatam","article_modified_time":"2025-11-06T20:51:17+00:00","og_image":[{"url":"https:\/\/financetechlatam.com\/wp-content\/uploads\/2025\/11\/Tecologia-1024x522.jpg","type":"","width":"","height":""}],"twitter_card":"summary_large_image","twitter_misc":{"Est. reading time":"2 minutes"},"schema":{"@context":"https:\/\/schema.org","@graph":[{"@type":"WebPage","@id":"https:\/\/financetechlatam.com\/contable-y-financiera\/","url":"https:\/\/financetechlatam.com\/contable-y-financiera\/","name":"Tecnolog\u00edas financieras - Financetechlatam","isPartOf":{"@id":"https:\/\/financetechlatam.com\/#website"},"primaryImageOfPage":{"@id":"https:\/\/financetechlatam.com\/contable-y-financiera\/#primaryimage"},"image":{"@id":"https:\/\/financetechlatam.com\/contable-y-financiera\/#primaryimage"},"thumbnailUrl":"https:\/\/financetechlatam.com\/wp-content\/uploads\/2025\/11\/Tecologia-1024x522.jpg","datePublished":"2025-10-08T19:09:50+00:00","dateModified":"2025-11-06T20:51:17+00:00","breadcrumb":{"@id":"https:\/\/financetechlatam.com\/contable-y-financiera\/#breadcrumb"},"inLanguage":"en-US","potentialAction":[{"@type":"ReadAction","target":["https:\/\/financetechlatam.com\/contable-y-financiera\/"]}]},{"@type":"ImageObject","inLanguage":"en-US","@id":"https:\/\/financetechlatam.com\/contable-y-financiera\/#primaryimage","url":"https:\/\/financetechlatam.com\/wp-content\/uploads\/2025\/11\/Tecologia-1024x522.jpg","contentUrl":"https:\/\/financetechlatam.com\/wp-content\/uploads\/2025\/11\/Tecologia-1024x522.jpg"},{"@type":"BreadcrumbList","@id":"https:\/\/financetechlatam.com\/contable-y-financiera\/#breadcrumb","itemListElement":[{"@type":"ListItem","position":1,"name":"Portada","item":"https:\/\/financetechlatam.com\/"},{"@type":"ListItem","position":2,"name":"Tecnolog\u00edas financieras"}]},{"@type":"WebSite","@id":"https:\/\/financetechlatam.com\/#website","url":"https:\/\/financetechlatam.com\/","name":"Financetechlatam","description":"","potentialAction":[{"@type":"SearchAction","target":{"@type":"EntryPoint","urlTemplate":"https:\/\/financetechlatam.com\/?s={search_term_string}"},"query-input":{"@type":"PropertyValueSpecification","valueRequired":true,"valueName":"search_term_string"}}],"inLanguage":"en-US"}]}},"_links":{"self":[{"href":"https:\/\/financetechlatam.com\/en\/wp-json\/wp\/v2\/pages\/965","targetHints":{"allow":["GET"]}}],"collection":[{"href":"https:\/\/financetechlatam.com\/en\/wp-json\/wp\/v2\/pages"}],"about":[{"href":"https:\/\/financetechlatam.com\/en\/wp-json\/wp\/v2\/types\/page"}],"author":[{"embeddable":true,"href":"https:\/\/financetechlatam.com\/en\/wp-json\/wp\/v2\/users\/1"}],"replies":[{"embeddable":true,"href":"https:\/\/financetechlatam.com\/en\/wp-json\/wp\/v2\/comments?post=965"}],"version-history":[{"count":87,"href":"https:\/\/financetechlatam.com\/en\/wp-json\/wp\/v2\/pages\/965\/revisions"}],"predecessor-version":[{"id":1663,"href":"https:\/\/financetechlatam.com\/en\/wp-json\/wp\/v2\/pages\/965\/revisions\/1663"}],"wp:attachment":[{"href":"https:\/\/financetechlatam.com\/en\/wp-json\/wp\/v2\/media?parent=965"}],"curies":[{"name":"wp","href":"https:\/\/api.w.org\/{rel}","templated":true}]}}