{"id":924,"date":"2025-10-08T11:36:03","date_gmt":"2025-10-08T17:36:03","guid":{"rendered":"https:\/\/financetechlatam.com\/?page_id=924"},"modified":"2025-11-06T14:49:18","modified_gmt":"2025-11-06T20:49:18","slug":"publicidad","status":"publish","type":"page","link":"https:\/\/financetechlatam.com\/en\/publicidad\/","title":{"rendered":"Publicity"},"content":{"rendered":"<div data-elementor-type=\"wp-page\" data-elementor-id=\"924\" class=\"elementor elementor-924\">\n\t\t\t\t<div class=\"elementor-element elementor-element-15e2e03 e-flex e-con-boxed e-con e-parent\" data-id=\"15e2e03\" data-element_type=\"container\" data-settings=\"{&quot;background_background&quot;:&quot;classic&quot;}\">\n\t\t\t\t\t<div class=\"e-con-inner\">\n\t\t\t\t<div class=\"elementor-element elementor-element-0b5c026 elementor-widget elementor-widget-image\" data-id=\"0b5c026\" data-element_type=\"widget\" data-widget_type=\"image.default\">\n\t\t\t\t<div class=\"elementor-widget-container\">\n\t\t\t\t\t\t\t\t\t\t\t\t\t\t\t<img fetchpriority=\"high\" decoding=\"async\" width=\"800\" height=\"405\" src=\"https:\/\/financetechlatam.com\/wp-content\/uploads\/2025\/11\/Publicidad-1024x518.jpg\" class=\"attachment-large size-large wp-image-1656\" alt=\"\" srcset=\"https:\/\/financetechlatam.com\/wp-content\/uploads\/2025\/11\/Publicidad-1024x518.jpg 1024w, https:\/\/financetechlatam.com\/wp-content\/uploads\/2025\/11\/Publicidad-300x152.jpg 300w, https:\/\/financetechlatam.com\/wp-content\/uploads\/2025\/11\/Publicidad-768x388.jpg 768w, https:\/\/financetechlatam.com\/wp-content\/uploads\/2025\/11\/Publicidad-1536x777.jpg 1536w, https:\/\/financetechlatam.com\/wp-content\/uploads\/2025\/11\/Publicidad-18x9.jpg 18w, https:\/\/financetechlatam.com\/wp-content\/uploads\/2025\/11\/Publicidad.jpg 1801w\" sizes=\"(max-width: 800px) 100vw, 800px\" \/>\t\t\t\t\t\t\t\t\t\t\t\t\t\t\t<\/div>\n\t\t\t\t<\/div>\n\t\t\t\t\t<\/div>\n\t\t\t\t<\/div>\n\t\t<div class=\"elementor-element elementor-element-db1943b e-flex e-con-boxed e-con e-parent\" data-id=\"db1943b\" data-element_type=\"container\" data-settings=\"{&quot;background_background&quot;:&quot;classic&quot;}\">\n\t\t\t\t\t<div class=\"e-con-inner\">\n\t\t<div class=\"elementor-element elementor-element-9de91c7 e-con-full e-flex e-con e-child\" data-id=\"9de91c7\" data-element_type=\"container\">\n\t\t\t\t<\/div>\n\t\t<div class=\"elementor-element elementor-element-936b41a e-con-full e-flex e-con e-child\" data-id=\"936b41a\" data-element_type=\"container\">\n\t\t\t\t<div class=\"elementor-element elementor-element-8fb1c18 elementor-widget elementor-widget-heading\" data-id=\"8fb1c18\" data-element_type=\"widget\" data-widget_type=\"heading.default\">\n\t\t\t\t<div class=\"elementor-widget-container\">\n\t\t\t\t\t<h2 class=\"elementor-heading-title elementor-size-default\">Who are we?<\/h2>\t\t\t\t<\/div>\n\t\t\t\t<\/div>\n\t\t\t\t<\/div>\n\t\t<div class=\"elementor-element elementor-element-4c3f688 e-con-full e-flex e-con e-child\" data-id=\"4c3f688\" data-element_type=\"container\">\n\t\t\t\t<div class=\"elementor-element elementor-element-219db11 elementor-widget elementor-widget-image\" data-id=\"219db11\" data-element_type=\"widget\" data-widget_type=\"image.default\">\n\t\t\t\t<div class=\"elementor-widget-container\">\n\t\t\t\t\t\t\t\t\t\t\t\t\t\t\t<img decoding=\"async\" width=\"590\" height=\"591\" src=\"https:\/\/financetechlatam.com\/wp-content\/uploads\/2025\/10\/Mesa-de-trabajo-1-2.png\" class=\"attachment-large size-large wp-image-1215\" alt=\"\" srcset=\"https:\/\/financetechlatam.com\/wp-content\/uploads\/2025\/10\/Mesa-de-trabajo-1-2.png 590w, https:\/\/financetechlatam.com\/wp-content\/uploads\/2025\/10\/Mesa-de-trabajo-1-2-300x300.png 300w, https:\/\/financetechlatam.com\/wp-content\/uploads\/2025\/10\/Mesa-de-trabajo-1-2-150x150.png 150w, https:\/\/financetechlatam.com\/wp-content\/uploads\/2025\/10\/Mesa-de-trabajo-1-2-12x12.png 12w\" sizes=\"(max-width: 590px) 100vw, 590px\" \/>\t\t\t\t\t\t\t\t\t\t\t\t\t\t\t<\/div>\n\t\t\t\t<\/div>\n\t\t\t\t<\/div>\n\t\t<div class=\"elementor-element elementor-element-74b2815 e-con-full e-flex e-con e-child\" data-id=\"74b2815\" data-element_type=\"container\">\n\t\t\t\t<div class=\"elementor-element elementor-element-65274a0 elementor-widget elementor-widget-text-editor\" data-id=\"65274a0\" data-element_type=\"widget\" data-widget_type=\"text-editor.default\">\n\t\t\t\t<div class=\"elementor-widget-container\">\n\t\t\t\t\t\t\t\t\t<p>En REBVS ADVERTISING creemos que<\/p><p>cada marca tiene una historia \u00fanica que<\/p><p>merece ser contada. Somos una agencia<\/p><p>de publicidad integral que combina<\/p><p>creatividad, estrategia y tecnolog\u00eda para<\/p><p>conectar a tu empresa con clientes<\/p><p>potenciales. Desde campa\u00f1as<\/p><p>tradicionales hasta marketing digital<\/p><p>avanzado, nuestro objetivo es llevar tu<\/p><p>mensaje m\u00e1s lejos, con impacto y<\/p><p>resultados medibles para que tu negocio<\/p><p>sea visible en el mercado local y global.<\/p>\t\t\t\t\t\t\t\t<\/div>\n\t\t\t\t<\/div>\n\t\t\t\t<\/div>\n\t\t\t\t\t<\/div>\n\t\t\t\t<\/div>\n\t\t<div class=\"elementor-element elementor-element-7bf9c1d e-flex e-con-boxed e-con e-parent\" data-id=\"7bf9c1d\" data-element_type=\"container\" data-settings=\"{&quot;background_background&quot;:&quot;classic&quot;}\">\n\t\t\t\t\t<div class=\"e-con-inner\">\n\t\t\t\t<div class=\"elementor-element elementor-element-c5bdb91 elementor-widget elementor-widget-heading\" data-id=\"c5bdb91\" data-element_type=\"widget\" data-widget_type=\"heading.default\">\n\t\t\t\t<div class=\"elementor-widget-container\">\n\t\t\t\t\t<h2 class=\"elementor-heading-title elementor-size-default\">Nuestros Servicios<\/h2>\t\t\t\t<\/div>\n\t\t\t\t<\/div>\n\t\t\t\t\t<\/div>\n\t\t\t\t<\/div>\n\t\t<div class=\"elementor-element elementor-element-5bfeb58 e-flex e-con-boxed e-con e-parent\" data-id=\"5bfeb58\" data-element_type=\"container\" data-settings=\"{&quot;background_background&quot;:&quot;classic&quot;}\">\n\t\t\t\t\t<div class=\"e-con-inner\">\n\t\t<div class=\"elementor-element elementor-element-fd0bbc9 e-con-full e-flex e-con e-child\" data-id=\"fd0bbc9\" data-element_type=\"container\">\n\t\t\t\t<div class=\"elementor-element elementor-element-0515a8c elementor-widget elementor-widget-image\" data-id=\"0515a8c\" data-element_type=\"widget\" data-widget_type=\"image.default\">\n\t\t\t\t<div class=\"elementor-widget-container\">\n\t\t\t\t\t\t\t\t\t\t\t\t\t\t\t<img decoding=\"async\" width=\"529\" height=\"745\" src=\"https:\/\/financetechlatam.com\/wp-content\/uploads\/2025\/10\/fondoP1.jpg\" class=\"attachment-large size-large wp-image-1408\" alt=\"\" srcset=\"https:\/\/financetechlatam.com\/wp-content\/uploads\/2025\/10\/fondoP1.jpg 529w, https:\/\/financetechlatam.com\/wp-content\/uploads\/2025\/10\/fondoP1-213x300.jpg 213w, https:\/\/financetechlatam.com\/wp-content\/uploads\/2025\/10\/fondoP1-9x12.jpg 9w\" sizes=\"(max-width: 529px) 100vw, 529px\" \/>\t\t\t\t\t\t\t\t\t\t\t\t\t\t\t<\/div>\n\t\t\t\t<\/div>\n\t\t\t\t<\/div>\n\t\t<div class=\"elementor-element elementor-element-cd95a6d e-con-full e-flex e-con e-child\" data-id=\"cd95a6d\" data-element_type=\"container\">\n\t\t\t\t<div class=\"elementor-element elementor-element-4cd379a elementor-widget elementor-widget-image\" data-id=\"4cd379a\" data-element_type=\"widget\" data-widget_type=\"image.default\">\n\t\t\t\t<div class=\"elementor-widget-container\">\n\t\t\t\t\t\t\t\t\t\t\t\t\t\t\t<img loading=\"lazy\" decoding=\"async\" width=\"529\" height=\"745\" src=\"https:\/\/financetechlatam.com\/wp-content\/uploads\/2025\/10\/fondoP2.jpg\" class=\"attachment-large size-large wp-image-1409\" alt=\"\" srcset=\"https:\/\/financetechlatam.com\/wp-content\/uploads\/2025\/10\/fondoP2.jpg 529w, https:\/\/financetechlatam.com\/wp-content\/uploads\/2025\/10\/fondoP2-213x300.jpg 213w, https:\/\/financetechlatam.com\/wp-content\/uploads\/2025\/10\/fondoP2-9x12.jpg 9w\" sizes=\"(max-width: 529px) 100vw, 529px\" \/>\t\t\t\t\t\t\t\t\t\t\t\t\t\t\t<\/div>\n\t\t\t\t<\/div>\n\t\t\t\t<\/div>\n\t\t<div class=\"elementor-element elementor-element-8d3abf7 e-con-full e-flex e-con e-child\" data-id=\"8d3abf7\" data-element_type=\"container\">\n\t\t\t\t<div class=\"elementor-element elementor-element-8b964c2 elementor-widget elementor-widget-image\" data-id=\"8b964c2\" data-element_type=\"widget\" data-widget_type=\"image.default\">\n\t\t\t\t<div class=\"elementor-widget-container\">\n\t\t\t\t\t\t\t\t\t\t\t\t\t\t\t<img loading=\"lazy\" decoding=\"async\" width=\"529\" height=\"745\" src=\"https:\/\/financetechlatam.com\/wp-content\/uploads\/2025\/10\/fondoP3.jpg\" class=\"attachment-large size-large wp-image-1410\" alt=\"\" srcset=\"https:\/\/financetechlatam.com\/wp-content\/uploads\/2025\/10\/fondoP3.jpg 529w, https:\/\/financetechlatam.com\/wp-content\/uploads\/2025\/10\/fondoP3-213x300.jpg 213w, https:\/\/financetechlatam.com\/wp-content\/uploads\/2025\/10\/fondoP3-9x12.jpg 9w\" sizes=\"(max-width: 529px) 100vw, 529px\" \/>\t\t\t\t\t\t\t\t\t\t\t\t\t\t\t<\/div>\n\t\t\t\t<\/div>\n\t\t\t\t<\/div>\n\t\t<div class=\"elementor-element elementor-element-958bd9a e-con-full e-flex e-con e-child\" data-id=\"958bd9a\" data-element_type=\"container\">\n\t\t\t\t<div class=\"elementor-element elementor-element-4ffeb84 elementor-widget elementor-widget-image\" data-id=\"4ffeb84\" data-element_type=\"widget\" data-widget_type=\"image.default\">\n\t\t\t\t<div class=\"elementor-widget-container\">\n\t\t\t\t\t\t\t\t\t\t\t\t\t\t\t<img loading=\"lazy\" decoding=\"async\" width=\"529\" height=\"745\" src=\"https:\/\/financetechlatam.com\/wp-content\/uploads\/2025\/10\/fondoP4.jpg\" class=\"attachment-large size-large wp-image-1411\" alt=\"\" srcset=\"https:\/\/financetechlatam.com\/wp-content\/uploads\/2025\/10\/fondoP4.jpg 529w, https:\/\/financetechlatam.com\/wp-content\/uploads\/2025\/10\/fondoP4-213x300.jpg 213w, https:\/\/financetechlatam.com\/wp-content\/uploads\/2025\/10\/fondoP4-9x12.jpg 9w\" sizes=\"(max-width: 529px) 100vw, 529px\" \/>\t\t\t\t\t\t\t\t\t\t\t\t\t\t\t<\/div>\n\t\t\t\t<\/div>\n\t\t\t\t<\/div>\n\t\t\t\t\t<\/div>\n\t\t\t\t<\/div>\n\t\t<div class=\"elementor-element elementor-element-0db8a20 e-flex e-con-boxed e-con e-parent\" data-id=\"0db8a20\" data-element_type=\"container\" data-settings=\"{&quot;background_background&quot;:&quot;classic&quot;}\">\n\t\t\t\t\t<div class=\"e-con-inner\">\n\t\t<div class=\"elementor-element elementor-element-df3ccf2 e-con-full e-flex e-con e-child\" data-id=\"df3ccf2\" data-element_type=\"container\">\n\t\t\t\t<div class=\"elementor-element elementor-element-9dfdb39 elementor-widget elementor-widget-image\" data-id=\"9dfdb39\" data-element_type=\"widget\" data-widget_type=\"image.default\">\n\t\t\t\t<div class=\"elementor-widget-container\">\n\t\t\t\t\t\t\t\t\t\t\t\t\t\t\t<img loading=\"lazy\" decoding=\"async\" width=\"529\" height=\"745\" src=\"https:\/\/financetechlatam.com\/wp-content\/uploads\/2025\/10\/fondoP5.jpg\" class=\"attachment-large size-large wp-image-1412\" alt=\"\" srcset=\"https:\/\/financetechlatam.com\/wp-content\/uploads\/2025\/10\/fondoP5.jpg 529w, https:\/\/financetechlatam.com\/wp-content\/uploads\/2025\/10\/fondoP5-213x300.jpg 213w, https:\/\/financetechlatam.com\/wp-content\/uploads\/2025\/10\/fondoP5-9x12.jpg 9w\" sizes=\"(max-width: 529px) 100vw, 529px\" \/>\t\t\t\t\t\t\t\t\t\t\t\t\t\t\t<\/div>\n\t\t\t\t<\/div>\n\t\t\t\t<\/div>\n\t\t<div class=\"elementor-element elementor-element-bebfc4d e-con-full e-flex e-con e-child\" data-id=\"bebfc4d\" data-element_type=\"container\">\n\t\t\t\t<div class=\"elementor-element elementor-element-c3fa521 elementor-widget elementor-widget-image\" data-id=\"c3fa521\" data-element_type=\"widget\" data-widget_type=\"image.default\">\n\t\t\t\t<div class=\"elementor-widget-container\">\n\t\t\t\t\t\t\t\t\t\t\t\t\t\t\t<img loading=\"lazy\" decoding=\"async\" width=\"529\" height=\"745\" src=\"https:\/\/financetechlatam.com\/wp-content\/uploads\/2025\/10\/fondoP6.jpg\" class=\"attachment-large size-large wp-image-1413\" alt=\"\" srcset=\"https:\/\/financetechlatam.com\/wp-content\/uploads\/2025\/10\/fondoP6.jpg 529w, https:\/\/financetechlatam.com\/wp-content\/uploads\/2025\/10\/fondoP6-213x300.jpg 213w, https:\/\/financetechlatam.com\/wp-content\/uploads\/2025\/10\/fondoP6-9x12.jpg 9w\" sizes=\"(max-width: 529px) 100vw, 529px\" \/>\t\t\t\t\t\t\t\t\t\t\t\t\t\t\t<\/div>\n\t\t\t\t<\/div>\n\t\t\t\t<\/div>\n\t\t<div class=\"elementor-element elementor-element-2f72f09 e-con-full e-flex e-con e-child\" data-id=\"2f72f09\" data-element_type=\"container\">\n\t\t\t\t<div class=\"elementor-element elementor-element-81ff48b elementor-widget elementor-widget-image\" data-id=\"81ff48b\" data-element_type=\"widget\" data-widget_type=\"image.default\">\n\t\t\t\t<div class=\"elementor-widget-container\">\n\t\t\t\t\t\t\t\t\t\t\t\t\t\t\t<img loading=\"lazy\" decoding=\"async\" width=\"529\" height=\"745\" src=\"https:\/\/financetechlatam.com\/wp-content\/uploads\/2025\/10\/fondoP7.jpg\" class=\"attachment-large size-large wp-image-1414\" alt=\"\" srcset=\"https:\/\/financetechlatam.com\/wp-content\/uploads\/2025\/10\/fondoP7.jpg 529w, https:\/\/financetechlatam.com\/wp-content\/uploads\/2025\/10\/fondoP7-213x300.jpg 213w, https:\/\/financetechlatam.com\/wp-content\/uploads\/2025\/10\/fondoP7-9x12.jpg 9w\" sizes=\"(max-width: 529px) 100vw, 529px\" \/>\t\t\t\t\t\t\t\t\t\t\t\t\t\t\t<\/div>\n\t\t\t\t<\/div>\n\t\t\t\t<\/div>\n\t\t<div class=\"elementor-element elementor-element-52c1438 e-con-full e-flex e-con e-child\" data-id=\"52c1438\" data-element_type=\"container\">\n\t\t\t\t<div class=\"elementor-element elementor-element-43d9ab8 elementor-widget elementor-widget-image\" data-id=\"43d9ab8\" data-element_type=\"widget\" data-widget_type=\"image.default\">\n\t\t\t\t<div class=\"elementor-widget-container\">\n\t\t\t\t\t\t\t\t\t\t\t\t\t\t\t<img loading=\"lazy\" decoding=\"async\" width=\"529\" height=\"745\" src=\"https:\/\/financetechlatam.com\/wp-content\/uploads\/2025\/10\/fondoP8.jpg\" class=\"attachment-large size-large wp-image-1415\" alt=\"\" srcset=\"https:\/\/financetechlatam.com\/wp-content\/uploads\/2025\/10\/fondoP8.jpg 529w, https:\/\/financetechlatam.com\/wp-content\/uploads\/2025\/10\/fondoP8-213x300.jpg 213w, https:\/\/financetechlatam.com\/wp-content\/uploads\/2025\/10\/fondoP8-9x12.jpg 9w\" sizes=\"(max-width: 529px) 100vw, 529px\" \/>\t\t\t\t\t\t\t\t\t\t\t\t\t\t\t<\/div>\n\t\t\t\t<\/div>\n\t\t\t\t<\/div>\n\t\t\t\t\t<\/div>\n\t\t\t\t<\/div>\n\t\t<div class=\"elementor-element elementor-element-d193629 e-flex e-con-boxed e-con e-parent\" data-id=\"d193629\" data-element_type=\"container\" data-settings=\"{&quot;background_background&quot;:&quot;classic&quot;}\">\n\t\t\t\t\t<div class=\"e-con-inner\">\n\t\t<div class=\"elementor-element elementor-element-920ebbb e-con-full e-flex e-con e-child\" data-id=\"920ebbb\" data-element_type=\"container\">\n\t\t\t\t<div class=\"elementor-element elementor-element-7a3ae28 elementor-widget elementor-widget-image\" data-id=\"7a3ae28\" data-element_type=\"widget\" data-widget_type=\"image.default\">\n\t\t\t\t<div class=\"elementor-widget-container\">\n\t\t\t\t\t\t\t\t\t\t\t\t\t\t\t<img loading=\"lazy\" decoding=\"async\" width=\"150\" height=\"150\" src=\"https:\/\/financetechlatam.com\/wp-content\/uploads\/2025\/10\/Mesa-de-trabajo-1-2-150x150.png\" class=\"attachment-thumbnail size-thumbnail wp-image-1215\" alt=\"\" srcset=\"https:\/\/financetechlatam.com\/wp-content\/uploads\/2025\/10\/Mesa-de-trabajo-1-2-150x150.png 150w, https:\/\/financetechlatam.com\/wp-content\/uploads\/2025\/10\/Mesa-de-trabajo-1-2-300x300.png 300w, https:\/\/financetechlatam.com\/wp-content\/uploads\/2025\/10\/Mesa-de-trabajo-1-2-12x12.png 12w, https:\/\/financetechlatam.com\/wp-content\/uploads\/2025\/10\/Mesa-de-trabajo-1-2.png 590w\" sizes=\"(max-width: 150px) 100vw, 150px\" \/>\t\t\t\t\t\t\t\t\t\t\t\t\t\t\t<\/div>\n\t\t\t\t<\/div>\n\t\t\t\t<\/div>\n\t\t<div class=\"elementor-element elementor-element-21ada8c e-con-full e-flex e-con e-child\" data-id=\"21ada8c\" data-element_type=\"container\">\n\t\t<div class=\"elementor-element elementor-element-c3472ce e-con-full e-flex e-con e-child\" data-id=\"c3472ce\" data-element_type=\"container\">\n\t\t\t\t<div class=\"elementor-element elementor-element-d74b6c1 elementor-widget elementor-widget-heading\" data-id=\"d74b6c1\" data-element_type=\"widget\" data-widget_type=\"heading.default\">\n\t\t\t\t<div class=\"elementor-widget-container\">\n\t\t\t\t\t<h2 class=\"elementor-heading-title elementor-size-default\">Mejora tu Presencia en L\u00ednea<\/h2>\t\t\t\t<\/div>\n\t\t\t\t<\/div>\n\t\t\t\t<\/div>\n\t\t<div class=\"elementor-element elementor-element-b9fb3eb e-con-full e-flex e-con e-child\" data-id=\"b9fb3eb\" data-element_type=\"container\">\n\t\t\t\t<div class=\"elementor-element elementor-element-0b0f4f8 elementor-icon-list--layout-traditional elementor-list-item-link-full_width elementor-widget elementor-widget-icon-list\" data-id=\"0b0f4f8\" data-element_type=\"widget\" data-widget_type=\"icon-list.default\">\n\t\t\t\t<div class=\"elementor-widget-container\">\n\t\t\t\t\t\t\t<ul class=\"elementor-icon-list-items\">\n\t\t\t\t\t\t\t<li class=\"elementor-icon-list-item\">\n\t\t\t\t\t\t\t\t\t\t\t<span class=\"elementor-icon-list-icon\">\n\t\t\t\t\t\t\t<svg aria-hidden=\"true\" class=\"e-font-icon-svg e-fas-dot-circle\" viewbox=\"0 0 512 512\" xmlns=\"http:\/\/www.w3.org\/2000\/svg\"><path d=\"M256 8C119.033 8 8 119.033 8 256s111.033 248 248 248 248-111.033 248-248S392.967 8 256 8zm80 248c0 44.112-35.888 80-80 80s-80-35.888-80-80 35.888-80 80-80 80 35.888 80 80z\"><\/path><\/svg>\t\t\t\t\t\t<\/span>\n\t\t\t\t\t\t\t\t\t\t<span class=\"elementor-icon-list-text\">Publicity<\/span>\n\t\t\t\t\t\t\t\t\t<\/li>\n\t\t\t\t\t\t<\/ul>\n\t\t\t\t\t\t<\/div>\n\t\t\t\t<\/div>\n\t\t\t\t<\/div>\n\t\t\t\t<\/div>\n\t\t\t\t\t<\/div>\n\t\t\t\t<\/div>\n\t\t\t\t<\/div>","protected":false},"excerpt":{"rendered":"<p>\u00bfQui\u00e9nes somos? En REBVS ADVERTISING creemos que cada marca tiene una historia \u00fanica que merece ser contada. Somos una agencia de publicidad integral que combina creatividad, estrategia y tecnolog\u00eda para conectar a tu empresa con clientes potenciales. Desde campa\u00f1as tradicionales hasta marketing digital avanzado, nuestro objetivo es llevar tu mensaje m\u00e1s lejos, con impacto y [&hellip;]<\/p>","protected":false},"author":1,"featured_media":0,"parent":0,"menu_order":0,"comment_status":"closed","ping_status":"closed","template":"","meta":{"_joinchat":[],"footnotes":""},"class_list":["post-924","page","type-page","status-publish","hentry"],"yoast_head":"<!-- This site is optimized with the Yoast SEO plugin v26.3 - https:\/\/yoast.com\/wordpress\/plugins\/seo\/ -->\n<title>Publicidad - Financetechlatam<\/title>\n<meta name=\"robots\" content=\"index, follow, max-snippet:-1, max-image-preview:large, max-video-preview:-1\" \/>\n<link rel=\"canonical\" href=\"https:\/\/financetechlatam.com\/en\/publicidad\/\" \/>\n<meta property=\"og:locale\" content=\"en_US\" \/>\n<meta property=\"og:type\" content=\"article\" \/>\n<meta property=\"og:title\" content=\"Publicidad - Financetechlatam\" \/>\n<meta property=\"og:description\" content=\"\u00bfQui\u00e9nes somos? En REBVS ADVERTISING creemos que cada marca tiene una historia \u00fanica que merece ser contada. Somos una agencia de publicidad integral que combina creatividad, estrategia y tecnolog\u00eda para conectar a tu empresa con clientes potenciales. Desde campa\u00f1as tradicionales hasta marketing digital avanzado, nuestro objetivo es llevar tu mensaje m\u00e1s lejos, con impacto y [&hellip;]\" \/>\n<meta property=\"og:url\" content=\"https:\/\/financetechlatam.com\/en\/publicidad\/\" \/>\n<meta property=\"og:site_name\" content=\"Financetechlatam\" \/>\n<meta property=\"article:modified_time\" content=\"2025-11-06T20:49:18+00:00\" \/>\n<meta property=\"og:image\" content=\"https:\/\/financetechlatam.com\/wp-content\/uploads\/2025\/11\/Publicidad-1024x518.jpg\" \/>\n<meta name=\"twitter:card\" content=\"summary_large_image\" \/>\n<meta name=\"twitter:label1\" content=\"Est. reading time\" \/>\n\t<meta name=\"twitter:data1\" content=\"3 minutes\" \/>\n<script type=\"application\/ld+json\" class=\"yoast-schema-graph\">{\"@context\":\"https:\/\/schema.org\",\"@graph\":[{\"@type\":\"WebPage\",\"@id\":\"https:\/\/financetechlatam.com\/publicidad\/\",\"url\":\"https:\/\/financetechlatam.com\/publicidad\/\",\"name\":\"Publicidad - Financetechlatam\",\"isPartOf\":{\"@id\":\"https:\/\/financetechlatam.com\/#website\"},\"primaryImageOfPage\":{\"@id\":\"https:\/\/financetechlatam.com\/publicidad\/#primaryimage\"},\"image\":{\"@id\":\"https:\/\/financetechlatam.com\/publicidad\/#primaryimage\"},\"thumbnailUrl\":\"https:\/\/financetechlatam.com\/wp-content\/uploads\/2025\/11\/Publicidad-1024x518.jpg\",\"datePublished\":\"2025-10-08T17:36:03+00:00\",\"dateModified\":\"2025-11-06T20:49:18+00:00\",\"breadcrumb\":{\"@id\":\"https:\/\/financetechlatam.com\/publicidad\/#breadcrumb\"},\"inLanguage\":\"en-US\",\"potentialAction\":[{\"@type\":\"ReadAction\",\"target\":[\"https:\/\/financetechlatam.com\/publicidad\/\"]}]},{\"@type\":\"ImageObject\",\"inLanguage\":\"en-US\",\"@id\":\"https:\/\/financetechlatam.com\/publicidad\/#primaryimage\",\"url\":\"https:\/\/financetechlatam.com\/wp-content\/uploads\/2025\/11\/Publicidad-1024x518.jpg\",\"contentUrl\":\"https:\/\/financetechlatam.com\/wp-content\/uploads\/2025\/11\/Publicidad-1024x518.jpg\"},{\"@type\":\"BreadcrumbList\",\"@id\":\"https:\/\/financetechlatam.com\/publicidad\/#breadcrumb\",\"itemListElement\":[{\"@type\":\"ListItem\",\"position\":1,\"name\":\"Portada\",\"item\":\"https:\/\/financetechlatam.com\/\"},{\"@type\":\"ListItem\",\"position\":2,\"name\":\"Publicidad\"}]},{\"@type\":\"WebSite\",\"@id\":\"https:\/\/financetechlatam.com\/#website\",\"url\":\"https:\/\/financetechlatam.com\/\",\"name\":\"Financetechlatam\",\"description\":\"\",\"potentialAction\":[{\"@type\":\"SearchAction\",\"target\":{\"@type\":\"EntryPoint\",\"urlTemplate\":\"https:\/\/financetechlatam.com\/?s={search_term_string}\"},\"query-input\":{\"@type\":\"PropertyValueSpecification\",\"valueRequired\":true,\"valueName\":\"search_term_string\"}}],\"inLanguage\":\"en-US\"}]}<\/script>\n<!-- \/ Yoast SEO plugin. -->","yoast_head_json":{"title":"Publicidad - Financetechlatam","robots":{"index":"index","follow":"follow","max-snippet":"max-snippet:-1","max-image-preview":"max-image-preview:large","max-video-preview":"max-video-preview:-1"},"canonical":"https:\/\/financetechlatam.com\/en\/publicidad\/","og_locale":"en_US","og_type":"article","og_title":"Publicidad - Financetechlatam","og_description":"\u00bfQui\u00e9nes somos? En REBVS ADVERTISING creemos que cada marca tiene una historia \u00fanica que merece ser contada. Somos una agencia de publicidad integral que combina creatividad, estrategia y tecnolog\u00eda para conectar a tu empresa con clientes potenciales. Desde campa\u00f1as tradicionales hasta marketing digital avanzado, nuestro objetivo es llevar tu mensaje m\u00e1s lejos, con impacto y [&hellip;]","og_url":"https:\/\/financetechlatam.com\/en\/publicidad\/","og_site_name":"Financetechlatam","article_modified_time":"2025-11-06T20:49:18+00:00","og_image":[{"url":"https:\/\/financetechlatam.com\/wp-content\/uploads\/2025\/11\/Publicidad-1024x518.jpg","type":"","width":"","height":""}],"twitter_card":"summary_large_image","twitter_misc":{"Est. reading time":"3 minutes"},"schema":{"@context":"https:\/\/schema.org","@graph":[{"@type":"WebPage","@id":"https:\/\/financetechlatam.com\/publicidad\/","url":"https:\/\/financetechlatam.com\/publicidad\/","name":"Publicidad - Financetechlatam","isPartOf":{"@id":"https:\/\/financetechlatam.com\/#website"},"primaryImageOfPage":{"@id":"https:\/\/financetechlatam.com\/publicidad\/#primaryimage"},"image":{"@id":"https:\/\/financetechlatam.com\/publicidad\/#primaryimage"},"thumbnailUrl":"https:\/\/financetechlatam.com\/wp-content\/uploads\/2025\/11\/Publicidad-1024x518.jpg","datePublished":"2025-10-08T17:36:03+00:00","dateModified":"2025-11-06T20:49:18+00:00","breadcrumb":{"@id":"https:\/\/financetechlatam.com\/publicidad\/#breadcrumb"},"inLanguage":"en-US","potentialAction":[{"@type":"ReadAction","target":["https:\/\/financetechlatam.com\/publicidad\/"]}]},{"@type":"ImageObject","inLanguage":"en-US","@id":"https:\/\/financetechlatam.com\/publicidad\/#primaryimage","url":"https:\/\/financetechlatam.com\/wp-content\/uploads\/2025\/11\/Publicidad-1024x518.jpg","contentUrl":"https:\/\/financetechlatam.com\/wp-content\/uploads\/2025\/11\/Publicidad-1024x518.jpg"},{"@type":"BreadcrumbList","@id":"https:\/\/financetechlatam.com\/publicidad\/#breadcrumb","itemListElement":[{"@type":"ListItem","position":1,"name":"Portada","item":"https:\/\/financetechlatam.com\/"},{"@type":"ListItem","position":2,"name":"Publicidad"}]},{"@type":"WebSite","@id":"https:\/\/financetechlatam.com\/#website","url":"https:\/\/financetechlatam.com\/","name":"Financetechlatam","description":"","potentialAction":[{"@type":"SearchAction","target":{"@type":"EntryPoint","urlTemplate":"https:\/\/financetechlatam.com\/?s={search_term_string}"},"query-input":{"@type":"PropertyValueSpecification","valueRequired":true,"valueName":"search_term_string"}}],"inLanguage":"en-US"}]}},"_links":{"self":[{"href":"https:\/\/financetechlatam.com\/en\/wp-json\/wp\/v2\/pages\/924","targetHints":{"allow":["GET"]}}],"collection":[{"href":"https:\/\/financetechlatam.com\/en\/wp-json\/wp\/v2\/pages"}],"about":[{"href":"https:\/\/financetechlatam.com\/en\/wp-json\/wp\/v2\/types\/page"}],"author":[{"embeddable":true,"href":"https:\/\/financetechlatam.com\/en\/wp-json\/wp\/v2\/users\/1"}],"replies":[{"embeddable":true,"href":"https:\/\/financetechlatam.com\/en\/wp-json\/wp\/v2\/comments?post=924"}],"version-history":[{"count":59,"href":"https:\/\/financetechlatam.com\/en\/wp-json\/wp\/v2\/pages\/924\/revisions"}],"predecessor-version":[{"id":1659,"href":"https:\/\/financetechlatam.com\/en\/wp-json\/wp\/v2\/pages\/924\/revisions\/1659"}],"wp:attachment":[{"href":"https:\/\/financetechlatam.com\/en\/wp-json\/wp\/v2\/media?parent=924"}],"curies":[{"name":"wp","href":"https:\/\/api.w.org\/{rel}","templated":true}]}}