{"id":28,"date":"2025-03-26T21:58:54","date_gmt":"2025-03-26T21:58:54","guid":{"rendered":"http:\/\/consultores.local\/?page_id=28"},"modified":"2025-11-06T14:45:40","modified_gmt":"2025-11-06T20:45:40","slug":"inicio","status":"publish","type":"page","link":"https:\/\/financetechlatam.com\/en\/","title":{"rendered":"Home"},"content":{"rendered":"<div data-elementor-type=\"wp-page\" data-elementor-id=\"28\" class=\"elementor elementor-28\">\n\t\t\t\t<div class=\"elementor-element elementor-element-2539a26 e-flex e-con-boxed e-con e-parent\" data-id=\"2539a26\" data-element_type=\"container\" data-settings=\"{&quot;background_background&quot;:&quot;classic&quot;}\">\n\t\t\t\t\t<div class=\"e-con-inner\">\n\t\t\t\t<div class=\"elementor-element elementor-element-e625346 elementor-widget elementor-widget-image\" data-id=\"e625346\" data-element_type=\"widget\" data-widget_type=\"image.default\">\n\t\t\t\t<div class=\"elementor-widget-container\">\n\t\t\t\t\t\t\t\t\t\t\t\t\t\t\t<img fetchpriority=\"high\" decoding=\"async\" width=\"800\" height=\"408\" src=\"https:\/\/financetechlatam.com\/wp-content\/uploads\/2025\/11\/principal-1024x522.jpg\" class=\"attachment-large size-large wp-image-1648\" alt=\"\" srcset=\"https:\/\/financetechlatam.com\/wp-content\/uploads\/2025\/11\/principal-1024x522.jpg 1024w, https:\/\/financetechlatam.com\/wp-content\/uploads\/2025\/11\/principal-300x153.jpg 300w, https:\/\/financetechlatam.com\/wp-content\/uploads\/2025\/11\/principal-768x392.jpg 768w, https:\/\/financetechlatam.com\/wp-content\/uploads\/2025\/11\/principal-1536x783.jpg 1536w, https:\/\/financetechlatam.com\/wp-content\/uploads\/2025\/11\/principal-18x9.jpg 18w, https:\/\/financetechlatam.com\/wp-content\/uploads\/2025\/11\/principal.jpg 1800w\" sizes=\"(max-width: 800px) 100vw, 800px\" \/>\t\t\t\t\t\t\t\t\t\t\t\t\t\t\t<\/div>\n\t\t\t\t<\/div>\n\t\t\t\t\t<\/div>\n\t\t\t\t<\/div>\n\t\t<div class=\"elementor-element elementor-element-b2107ab e-flex e-con-boxed e-con e-parent\" data-id=\"b2107ab\" data-element_type=\"container\" data-settings=\"{&quot;background_background&quot;:&quot;classic&quot;}\">\n\t\t\t\t\t<div class=\"e-con-inner\">\n\t\t<div class=\"elementor-element elementor-element-cb91a4d e-con-full e-flex e-con e-child\" data-id=\"cb91a4d\" data-element_type=\"container\">\n\t\t\t\t<div class=\"elementor-element elementor-element-9af70c8 elementor-widget elementor-widget-image\" data-id=\"9af70c8\" data-element_type=\"widget\" data-widget_type=\"image.default\">\n\t\t\t\t<div class=\"elementor-widget-container\">\n\t\t\t\t\t\t\t\t\t\t\t\t\t\t\t<img decoding=\"async\" width=\"367\" height=\"68\" src=\"https:\/\/financetechlatam.com\/wp-content\/uploads\/2025\/03\/Full-logo-Financetech-LATAM.png\" class=\"attachment-large size-large wp-image-1203\" alt=\"\" srcset=\"https:\/\/financetechlatam.com\/wp-content\/uploads\/2025\/03\/Full-logo-Financetech-LATAM.png 367w, https:\/\/financetechlatam.com\/wp-content\/uploads\/2025\/03\/Full-logo-Financetech-LATAM-300x56.png 300w, https:\/\/financetechlatam.com\/wp-content\/uploads\/2025\/03\/Full-logo-Financetech-LATAM-18x3.png 18w\" sizes=\"(max-width: 367px) 100vw, 367px\" \/>\t\t\t\t\t\t\t\t\t\t\t\t\t\t\t<\/div>\n\t\t\t\t<\/div>\n\t\t\t\t<\/div>\n\t\t\t\t\t<\/div>\n\t\t\t\t<\/div>\n\t\t<div class=\"elementor-element elementor-element-4a75347 e-flex e-con-boxed e-con e-parent\" data-id=\"4a75347\" data-element_type=\"container\" data-settings=\"{&quot;background_background&quot;:&quot;classic&quot;}\">\n\t\t\t\t\t<div class=\"e-con-inner\">\n\t\t<div class=\"elementor-element elementor-element-17ae4a4 e-con-full e-flex e-con e-child\" data-id=\"17ae4a4\" data-element_type=\"container\">\n\t\t\t\t<div class=\"elementor-element elementor-element-4745745 elementor-widget elementor-widget-image\" data-id=\"4745745\" data-element_type=\"widget\" data-widget_type=\"image.default\">\n\t\t\t\t<div class=\"elementor-widget-container\">\n\t\t\t\t\t\t\t\t\t\t\t\t\t\t\t<img decoding=\"async\" width=\"576\" height=\"1024\" src=\"https:\/\/financetechlatam.com\/wp-content\/uploads\/2025\/10\/somos-pioneros-576x1024.png\" class=\"attachment-large size-large wp-image-647\" alt=\"\" srcset=\"https:\/\/financetechlatam.com\/wp-content\/uploads\/2025\/10\/somos-pioneros-576x1024.png 576w, https:\/\/financetechlatam.com\/wp-content\/uploads\/2025\/10\/somos-pioneros-169x300.png 169w, https:\/\/financetechlatam.com\/wp-content\/uploads\/2025\/10\/somos-pioneros-768x1365.png 768w, https:\/\/financetechlatam.com\/wp-content\/uploads\/2025\/10\/somos-pioneros-864x1536.png 864w, https:\/\/financetechlatam.com\/wp-content\/uploads\/2025\/10\/somos-pioneros-7x12.png 7w, https:\/\/financetechlatam.com\/wp-content\/uploads\/2025\/10\/somos-pioneros.png 1080w\" sizes=\"(max-width: 576px) 100vw, 576px\" \/>\t\t\t\t\t\t\t\t\t\t\t\t\t\t\t<\/div>\n\t\t\t\t<\/div>\n\t\t\t\t<\/div>\n\t\t<div class=\"elementor-element elementor-element-aef92fe e-con-full e-flex e-con e-child\" data-id=\"aef92fe\" data-element_type=\"container\">\n\t\t<div class=\"elementor-element elementor-element-671791b e-con-full e-flex e-con e-child\" data-id=\"671791b\" data-element_type=\"container\">\n\t\t\t\t<div class=\"elementor-element elementor-element-51ad84c elementor-widget elementor-widget-heading\" data-id=\"51ad84c\" data-element_type=\"widget\" data-widget_type=\"heading.default\">\n\t\t\t\t<div class=\"elementor-widget-container\">\n\t\t\t\t\t<h2 class=\"elementor-heading-title elementor-size-default\">Sobre nosotros<\/h2>\t\t\t\t<\/div>\n\t\t\t\t<\/div>\n\t\t\t\t<\/div>\n\t\t<div class=\"elementor-element elementor-element-d450d23 e-con-full e-flex e-con e-child\" data-id=\"d450d23\" data-element_type=\"container\">\n\t\t\t\t<div class=\"elementor-element elementor-element-5c97d35 elementor-widget elementor-widget-text-editor\" data-id=\"5c97d35\" data-element_type=\"widget\" data-widget_type=\"text-editor.default\">\n\t\t\t\t<div class=\"elementor-widget-container\">\n\t\t\t\t\t\t\t\t\t<p>Somos una firma mexicana, pioneros<br \/>en brindar servicios especializados, a<br \/>trav\u00e9s de nuestras unidades de<br \/>negocio con alcance nacional e<br \/>internacional.<br \/>Brindamos soluciones estrat\u00e9gicas<br \/>para clientes con prioridad en el<br \/>manejo de cartera, coordinaci\u00f3n<br \/>operativa, administraci\u00f3n remota de<br \/>proyectos y estrategias para optimizar<br \/>los recursos operativos de la empresa.<\/p>\t\t\t\t\t\t\t\t<\/div>\n\t\t\t\t<\/div>\n\t\t\t\t<\/div>\n\t\t\t\t<\/div>\n\t\t\t\t\t<\/div>\n\t\t\t\t<\/div>\n\t\t<div class=\"elementor-element elementor-element-28afe76 e-flex e-con-boxed e-con e-parent\" data-id=\"28afe76\" data-element_type=\"container\" data-settings=\"{&quot;background_background&quot;:&quot;classic&quot;}\">\n\t\t\t\t\t<div class=\"e-con-inner\">\n\t\t<div class=\"elementor-element elementor-element-6541e9b e-con-full e-flex e-con e-child\" data-id=\"6541e9b\" data-element_type=\"container\">\n\t\t\t\t<div class=\"elementor-element elementor-element-90b93bc elementor-widget elementor-widget-heading\" data-id=\"90b93bc\" data-element_type=\"widget\" data-widget_type=\"heading.default\">\n\t\t\t\t<div class=\"elementor-widget-container\">\n\t\t\t\t\t<h2 class=\"elementor-heading-title elementor-size-default\">Unidades de negocio<\/h2>\t\t\t\t<\/div>\n\t\t\t\t<\/div>\n\t\t\t\t<\/div>\n\t\t\t\t\t<\/div>\n\t\t\t\t<\/div>\n\t\t<div class=\"elementor-element elementor-element-c9e0c8c e-flex e-con-boxed e-con e-parent\" data-id=\"c9e0c8c\" data-element_type=\"container\" data-settings=\"{&quot;background_background&quot;:&quot;classic&quot;}\">\n\t\t\t\t\t<div class=\"e-con-inner\">\n\t\t\t\t<div class=\"elementor-element elementor-element-176da82 elementor-widget elementor-widget-text-editor\" data-id=\"176da82\" data-element_type=\"widget\" data-widget_type=\"text-editor.default\">\n\t\t\t\t<div class=\"elementor-widget-container\">\n\t\t\t\t\t\t\t\t\t<p>Hemos creado una experiencia que integra a nuestras \u00e1reas especializadas para ofrecer servicios<\/p><p>que mejoran los procesos internos de tu empresa y a su vez ofrecer un servicio m\u00e1s satisfactorio<\/p><p>para tus clientes, con estrategias de publicidad, fidelizaci\u00f3n, contabilidad, tecnolog\u00edas financieras<\/p><p>y servicios de C&amp;C.<\/p><p>Te damos la bienvenida al universo FINANCETECH y a las soluciones que ponemos a tu alcance.<\/p><p>Despeguemos juntos&#8230;<\/p><p>\u00a0<\/p>\t\t\t\t\t\t\t\t<\/div>\n\t\t\t\t<\/div>\n\t\t\t\t\t<\/div>\n\t\t\t\t<\/div>\n\t\t<div class=\"elementor-element elementor-element-d69e858 e-flex e-con-boxed e-con e-parent\" data-id=\"d69e858\" data-element_type=\"container\" data-settings=\"{&quot;background_background&quot;:&quot;classic&quot;}\">\n\t\t\t\t\t<div class=\"e-con-inner\">\n\t\t<div class=\"elementor-element elementor-element-5d42579 e-con-full e-flex e-con e-child\" data-id=\"5d42579\" data-element_type=\"container\">\n\t\t\t\t<div class=\"elementor-element elementor-element-4596617 elementor-widget elementor-widget-image\" data-id=\"4596617\" data-element_type=\"widget\" data-widget_type=\"image.default\">\n\t\t\t\t<div class=\"elementor-widget-container\">\n\t\t\t\t\t\t\t\t\t\t\t\t\t\t\t<img loading=\"lazy\" decoding=\"async\" width=\"529\" height=\"745\" src=\"https:\/\/financetechlatam.com\/wp-content\/uploads\/2025\/10\/fondov1.jpg\" class=\"attachment-large size-large wp-image-1375\" alt=\"\" srcset=\"https:\/\/financetechlatam.com\/wp-content\/uploads\/2025\/10\/fondov1.jpg 529w, https:\/\/financetechlatam.com\/wp-content\/uploads\/2025\/10\/fondov1-213x300.jpg 213w, https:\/\/financetechlatam.com\/wp-content\/uploads\/2025\/10\/fondov1-9x12.jpg 9w\" sizes=\"(max-width: 529px) 100vw, 529px\" \/>\t\t\t\t\t\t\t\t\t\t\t\t\t\t\t<\/div>\n\t\t\t\t<\/div>\n\t\t\t\t<\/div>\n\t\t<div class=\"elementor-element elementor-element-86f6681 e-con-full e-flex e-con e-child\" data-id=\"86f6681\" data-element_type=\"container\">\n\t\t\t\t<div class=\"elementor-element elementor-element-f9f5455 elementor-widget elementor-widget-image\" data-id=\"f9f5455\" data-element_type=\"widget\" data-widget_type=\"image.default\">\n\t\t\t\t<div class=\"elementor-widget-container\">\n\t\t\t\t\t\t\t\t\t\t\t\t\t\t\t<img loading=\"lazy\" decoding=\"async\" width=\"529\" height=\"745\" src=\"https:\/\/financetechlatam.com\/wp-content\/uploads\/2025\/10\/fondo3.jpg\" class=\"attachment-large size-large wp-image-1370\" alt=\"\" srcset=\"https:\/\/financetechlatam.com\/wp-content\/uploads\/2025\/10\/fondo3.jpg 529w, https:\/\/financetechlatam.com\/wp-content\/uploads\/2025\/10\/fondo3-213x300.jpg 213w, https:\/\/financetechlatam.com\/wp-content\/uploads\/2025\/10\/fondo3-9x12.jpg 9w\" sizes=\"(max-width: 529px) 100vw, 529px\" \/>\t\t\t\t\t\t\t\t\t\t\t\t\t\t\t<\/div>\n\t\t\t\t<\/div>\n\t\t\t\t<\/div>\n\t\t<div class=\"elementor-element elementor-element-6dfc3b6 e-con-full e-flex e-con e-child\" data-id=\"6dfc3b6\" data-element_type=\"container\">\n\t\t\t\t<div class=\"elementor-element elementor-element-1da2489 elementor-widget elementor-widget-image\" data-id=\"1da2489\" data-element_type=\"widget\" data-widget_type=\"image.default\">\n\t\t\t\t<div class=\"elementor-widget-container\">\n\t\t\t\t\t\t\t\t\t\t\t\t\t\t\t<img loading=\"lazy\" decoding=\"async\" width=\"529\" height=\"745\" src=\"https:\/\/financetechlatam.com\/wp-content\/uploads\/2025\/10\/fondo2.jpg\" class=\"attachment-large size-large wp-image-1369\" alt=\"\" srcset=\"https:\/\/financetechlatam.com\/wp-content\/uploads\/2025\/10\/fondo2.jpg 529w, https:\/\/financetechlatam.com\/wp-content\/uploads\/2025\/10\/fondo2-213x300.jpg 213w, https:\/\/financetechlatam.com\/wp-content\/uploads\/2025\/10\/fondo2-9x12.jpg 9w\" sizes=\"(max-width: 529px) 100vw, 529px\" \/>\t\t\t\t\t\t\t\t\t\t\t\t\t\t\t<\/div>\n\t\t\t\t<\/div>\n\t\t\t\t<\/div>\n\t\t<div class=\"elementor-element elementor-element-4d108d4 e-con-full e-flex e-con e-child\" data-id=\"4d108d4\" data-element_type=\"container\">\n\t\t\t\t<div class=\"elementor-element elementor-element-ad197ef elementor-widget elementor-widget-image\" data-id=\"ad197ef\" data-element_type=\"widget\" data-widget_type=\"image.default\">\n\t\t\t\t<div class=\"elementor-widget-container\">\n\t\t\t\t\t\t\t\t\t\t\t\t\t\t\t<img loading=\"lazy\" decoding=\"async\" width=\"529\" height=\"745\" src=\"https:\/\/financetechlatam.com\/wp-content\/uploads\/2025\/10\/fondo4.jpg\" class=\"attachment-large size-large wp-image-1371\" alt=\"\" srcset=\"https:\/\/financetechlatam.com\/wp-content\/uploads\/2025\/10\/fondo4.jpg 529w, https:\/\/financetechlatam.com\/wp-content\/uploads\/2025\/10\/fondo4-213x300.jpg 213w, https:\/\/financetechlatam.com\/wp-content\/uploads\/2025\/10\/fondo4-9x12.jpg 9w\" sizes=\"(max-width: 529px) 100vw, 529px\" \/>\t\t\t\t\t\t\t\t\t\t\t\t\t\t\t<\/div>\n\t\t\t\t<\/div>\n\t\t\t\t<\/div>\n\t\t\t\t\t<\/div>\n\t\t\t\t<\/div>\n\t\t<div class=\"elementor-element elementor-element-d9371dc e-flex e-con-boxed e-con e-parent\" data-id=\"d9371dc\" data-element_type=\"container\" data-settings=\"{&quot;background_background&quot;:&quot;classic&quot;}\">\n\t\t\t\t\t<div class=\"e-con-inner\">\n\t\t\t\t\t<\/div>\n\t\t\t\t<\/div>\n\t\t<div class=\"elementor-element elementor-element-ee4c382 e-flex e-con-boxed e-con e-parent\" data-id=\"ee4c382\" data-element_type=\"container\" data-settings=\"{&quot;background_background&quot;:&quot;classic&quot;}\">\n\t\t\t\t\t<div class=\"e-con-inner\">\n\t\t\t\t<div class=\"elementor-element elementor-element-4ca8854 elementor-widget elementor-widget-heading\" data-id=\"4ca8854\" data-element_type=\"widget\" data-widget_type=\"heading.default\">\n\t\t\t\t<div class=\"elementor-widget-container\">\n\t\t\t\t\t<h2 class=\"elementor-heading-title elementor-size-default\">Algunos de nuestros clientes<\/h2>\t\t\t\t<\/div>\n\t\t\t\t<\/div>\n\t\t\t\t\t<\/div>\n\t\t\t\t<\/div>\n\t\t<div class=\"elementor-element elementor-element-27d7011 e-flex e-con-boxed e-con e-parent\" data-id=\"27d7011\" data-element_type=\"container\" data-settings=\"{&quot;background_background&quot;:&quot;classic&quot;}\">\n\t\t\t\t\t<div class=\"e-con-inner\">\n\t\t\t\t<div class=\"elementor-element elementor-element-b94cf66 elementor-arrows-position-inside elementor-pagination-position-outside elementor-widget elementor-widget-image-carousel\" data-id=\"b94cf66\" data-element_type=\"widget\" data-settings=\"{&quot;navigation&quot;:&quot;both&quot;,&quot;autoplay&quot;:&quot;yes&quot;,&quot;pause_on_hover&quot;:&quot;yes&quot;,&quot;pause_on_interaction&quot;:&quot;yes&quot;,&quot;autoplay_speed&quot;:5000,&quot;infinite&quot;:&quot;yes&quot;,&quot;speed&quot;:500}\" data-widget_type=\"image-carousel.default\">\n\t\t\t\t<div class=\"elementor-widget-container\">\n\t\t\t\t\t\t\t<div class=\"elementor-image-carousel-wrapper swiper\" role=\"region\" aria-roledescription=\"carousel\" aria-label=\"Carrusel de im\u00e1genes\" dir=\"ltr\">\n\t\t\t<div class=\"elementor-image-carousel swiper-wrapper\" aria-live=\"off\">\n\t\t\t\t\t\t\t\t<div class=\"swiper-slide\" role=\"group\" aria-roledescription=\"slide\" aria-label=\"1 of 4\"><figure class=\"swiper-slide-inner\"><img decoding=\"async\" class=\"swiper-slide-image\" src=\"https:\/\/financetechlatam.com\/wp-content\/uploads\/2025\/10\/fondo2v2-150x150.jpg\" alt=\"fondo2v2\" \/><\/figure><\/div><div class=\"swiper-slide\" role=\"group\" aria-roledescription=\"slide\" aria-label=\"2 of 4\"><figure class=\"swiper-slide-inner\"><img decoding=\"async\" class=\"swiper-slide-image\" src=\"https:\/\/financetechlatam.com\/wp-content\/uploads\/2025\/10\/fondo2v1-150x150.jpg\" alt=\"fondo2v1\" \/><\/figure><\/div><div class=\"swiper-slide\" role=\"group\" aria-roledescription=\"slide\" aria-label=\"3 of 4\"><figure class=\"swiper-slide-inner\"><img decoding=\"async\" class=\"swiper-slide-image\" src=\"https:\/\/financetechlatam.com\/wp-content\/uploads\/2025\/10\/fondo2v3-150x150.jpg\" alt=\"fondo2v3\" \/><\/figure><\/div><div class=\"swiper-slide\" role=\"group\" aria-roledescription=\"slide\" aria-label=\"4 of 4\"><figure class=\"swiper-slide-inner\"><img decoding=\"async\" class=\"swiper-slide-image\" src=\"https:\/\/financetechlatam.com\/wp-content\/uploads\/2025\/10\/fondo2v4-150x150.jpg\" alt=\"fondo2v4\" \/><\/figure><\/div>\t\t\t<\/div>\n\t\t\t\t\t\t\t\t\t\t\t\t<div class=\"elementor-swiper-button elementor-swiper-button-prev\" role=\"button\" tabindex=\"0\">\n\t\t\t\t\t\t<svg aria-hidden=\"true\" class=\"e-font-icon-svg e-eicon-chevron-left\" viewbox=\"0 0 1000 1000\" xmlns=\"http:\/\/www.w3.org\/2000\/svg\"><path d=\"M646 125C629 125 613 133 604 142L308 442C296 454 292 471 292 487 292 504 296 521 308 533L604 854C617 867 629 875 646 875 663 875 679 871 692 858 704 846 713 829 713 812 713 796 708 779 692 767L438 487 692 225C700 217 708 204 708 187 708 171 704 154 692 142 675 129 663 125 646 125Z\"><\/path><\/svg>\t\t\t\t\t<\/div>\n\t\t\t\t\t<div class=\"elementor-swiper-button elementor-swiper-button-next\" role=\"button\" tabindex=\"0\">\n\t\t\t\t\t\t<svg aria-hidden=\"true\" class=\"e-font-icon-svg e-eicon-chevron-right\" viewbox=\"0 0 1000 1000\" xmlns=\"http:\/\/www.w3.org\/2000\/svg\"><path d=\"M696 533C708 521 713 504 713 487 713 471 708 454 696 446L400 146C388 133 375 125 354 125 338 125 325 129 313 142 300 154 292 171 292 187 292 204 296 221 308 233L563 492 304 771C292 783 288 800 288 817 288 833 296 850 308 863 321 871 338 875 354 875 371 875 388 867 400 854L696 533Z\"><\/path><\/svg>\t\t\t\t\t<\/div>\n\t\t\t\t\n\t\t\t\t\t\t\t\t\t<div class=\"swiper-pagination\"><\/div>\n\t\t\t\t\t\t\t\t\t<\/div>\n\t\t\t\t\t\t<\/div>\n\t\t\t\t<\/div>\n\t\t\t\t\t<\/div>\n\t\t\t\t<\/div>\n\t\t\t\t<\/div>","protected":false},"excerpt":{"rendered":"<p>Sobre nosotros Somos una firma mexicana, pionerosen brindar servicios especializados, atrav\u00e9s de nuestras unidades denegocio con alcance nacional einternacional.Brindamos soluciones estrat\u00e9gicaspara clientes con prioridad en elmanejo de cartera, coordinaci\u00f3noperativa, administraci\u00f3n remota deproyectos y estrategias para optimizarlos recursos operativos de la empresa. Unidades de negocio Hemos creado una experiencia que integra a nuestras \u00e1reas especializadas para [&hellip;]<\/p>","protected":false},"author":2,"featured_media":0,"parent":0,"menu_order":0,"comment_status":"closed","ping_status":"closed","template":"elementor_header_footer","meta":{"_joinchat":[],"footnotes":""},"class_list":["post-28","page","type-page","status-publish","hentry"],"yoast_head":"<!-- This site is optimized with the Yoast SEO plugin v26.3 - https:\/\/yoast.com\/wordpress\/plugins\/seo\/ -->\n<title>Inicio - Financetechlatam<\/title>\n<meta name=\"robots\" content=\"index, follow, max-snippet:-1, max-image-preview:large, max-video-preview:-1\" \/>\n<link rel=\"canonical\" href=\"https:\/\/financetechlatam.com\/en\/\" \/>\n<meta property=\"og:locale\" content=\"en_US\" \/>\n<meta property=\"og:type\" content=\"article\" \/>\n<meta property=\"og:title\" content=\"Inicio - Financetechlatam\" \/>\n<meta property=\"og:description\" content=\"Sobre nosotros Somos una firma mexicana, pionerosen brindar servicios especializados, atrav\u00e9s de nuestras unidades denegocio con alcance nacional einternacional.Brindamos soluciones estrat\u00e9gicaspara clientes con prioridad en elmanejo de cartera, coordinaci\u00f3noperativa, administraci\u00f3n remota deproyectos y estrategias para optimizarlos recursos operativos de la empresa. Unidades de negocio Hemos creado una experiencia que integra a nuestras \u00e1reas especializadas para [&hellip;]\" \/>\n<meta property=\"og:url\" content=\"https:\/\/financetechlatam.com\/en\/\" \/>\n<meta property=\"og:site_name\" content=\"Financetechlatam\" \/>\n<meta property=\"article:modified_time\" content=\"2025-11-06T20:45:40+00:00\" \/>\n<meta property=\"og:image\" content=\"https:\/\/financetechlatam.com\/wp-content\/uploads\/2025\/11\/principal-1024x522.jpg\" \/>\n<meta name=\"twitter:card\" content=\"summary_large_image\" \/>\n<meta name=\"twitter:label1\" content=\"Est. reading time\" \/>\n\t<meta name=\"twitter:data1\" content=\"4 minutes\" \/>\n<script type=\"application\/ld+json\" class=\"yoast-schema-graph\">{\"@context\":\"https:\/\/schema.org\",\"@graph\":[{\"@type\":\"WebPage\",\"@id\":\"https:\/\/financetechlatam.com\/\",\"url\":\"https:\/\/financetechlatam.com\/\",\"name\":\"Inicio - Financetechlatam\",\"isPartOf\":{\"@id\":\"https:\/\/financetechlatam.com\/#website\"},\"primaryImageOfPage\":{\"@id\":\"https:\/\/financetechlatam.com\/#primaryimage\"},\"image\":{\"@id\":\"https:\/\/financetechlatam.com\/#primaryimage\"},\"thumbnailUrl\":\"https:\/\/financetechlatam.com\/wp-content\/uploads\/2025\/11\/principal-1024x522.jpg\",\"datePublished\":\"2025-03-26T21:58:54+00:00\",\"dateModified\":\"2025-11-06T20:45:40+00:00\",\"breadcrumb\":{\"@id\":\"https:\/\/financetechlatam.com\/#breadcrumb\"},\"inLanguage\":\"en-US\",\"potentialAction\":[{\"@type\":\"ReadAction\",\"target\":[\"https:\/\/financetechlatam.com\/\"]}]},{\"@type\":\"ImageObject\",\"inLanguage\":\"en-US\",\"@id\":\"https:\/\/financetechlatam.com\/#primaryimage\",\"url\":\"https:\/\/financetechlatam.com\/wp-content\/uploads\/2025\/11\/principal-1024x522.jpg\",\"contentUrl\":\"https:\/\/financetechlatam.com\/wp-content\/uploads\/2025\/11\/principal-1024x522.jpg\"},{\"@type\":\"BreadcrumbList\",\"@id\":\"https:\/\/financetechlatam.com\/#breadcrumb\",\"itemListElement\":[{\"@type\":\"ListItem\",\"position\":1,\"name\":\"Portada\",\"item\":\"https:\/\/financetechlatam.com\/\"},{\"@type\":\"ListItem\",\"position\":2,\"name\":\"Inicio\"}]},{\"@type\":\"WebSite\",\"@id\":\"https:\/\/financetechlatam.com\/#website\",\"url\":\"https:\/\/financetechlatam.com\/\",\"name\":\"Financetechlatam\",\"description\":\"\",\"potentialAction\":[{\"@type\":\"SearchAction\",\"target\":{\"@type\":\"EntryPoint\",\"urlTemplate\":\"https:\/\/financetechlatam.com\/?s={search_term_string}\"},\"query-input\":{\"@type\":\"PropertyValueSpecification\",\"valueRequired\":true,\"valueName\":\"search_term_string\"}}],\"inLanguage\":\"en-US\"}]}<\/script>\n<!-- \/ Yoast SEO plugin. -->","yoast_head_json":{"title":"Inicio - Financetechlatam","robots":{"index":"index","follow":"follow","max-snippet":"max-snippet:-1","max-image-preview":"max-image-preview:large","max-video-preview":"max-video-preview:-1"},"canonical":"https:\/\/financetechlatam.com\/en\/","og_locale":"en_US","og_type":"article","og_title":"Inicio - Financetechlatam","og_description":"Sobre nosotros Somos una firma mexicana, pionerosen brindar servicios especializados, atrav\u00e9s de nuestras unidades denegocio con alcance nacional einternacional.Brindamos soluciones estrat\u00e9gicaspara clientes con prioridad en elmanejo de cartera, coordinaci\u00f3noperativa, administraci\u00f3n remota deproyectos y estrategias para optimizarlos recursos operativos de la empresa. Unidades de negocio Hemos creado una experiencia que integra a nuestras \u00e1reas especializadas para [&hellip;]","og_url":"https:\/\/financetechlatam.com\/en\/","og_site_name":"Financetechlatam","article_modified_time":"2025-11-06T20:45:40+00:00","og_image":[{"url":"https:\/\/financetechlatam.com\/wp-content\/uploads\/2025\/11\/principal-1024x522.jpg","type":"","width":"","height":""}],"twitter_card":"summary_large_image","twitter_misc":{"Est. reading time":"4 minutes"},"schema":{"@context":"https:\/\/schema.org","@graph":[{"@type":"WebPage","@id":"https:\/\/financetechlatam.com\/","url":"https:\/\/financetechlatam.com\/","name":"Inicio - Financetechlatam","isPartOf":{"@id":"https:\/\/financetechlatam.com\/#website"},"primaryImageOfPage":{"@id":"https:\/\/financetechlatam.com\/#primaryimage"},"image":{"@id":"https:\/\/financetechlatam.com\/#primaryimage"},"thumbnailUrl":"https:\/\/financetechlatam.com\/wp-content\/uploads\/2025\/11\/principal-1024x522.jpg","datePublished":"2025-03-26T21:58:54+00:00","dateModified":"2025-11-06T20:45:40+00:00","breadcrumb":{"@id":"https:\/\/financetechlatam.com\/#breadcrumb"},"inLanguage":"en-US","potentialAction":[{"@type":"ReadAction","target":["https:\/\/financetechlatam.com\/"]}]},{"@type":"ImageObject","inLanguage":"en-US","@id":"https:\/\/financetechlatam.com\/#primaryimage","url":"https:\/\/financetechlatam.com\/wp-content\/uploads\/2025\/11\/principal-1024x522.jpg","contentUrl":"https:\/\/financetechlatam.com\/wp-content\/uploads\/2025\/11\/principal-1024x522.jpg"},{"@type":"BreadcrumbList","@id":"https:\/\/financetechlatam.com\/#breadcrumb","itemListElement":[{"@type":"ListItem","position":1,"name":"Portada","item":"https:\/\/financetechlatam.com\/"},{"@type":"ListItem","position":2,"name":"Inicio"}]},{"@type":"WebSite","@id":"https:\/\/financetechlatam.com\/#website","url":"https:\/\/financetechlatam.com\/","name":"Financetechlatam","description":"","potentialAction":[{"@type":"SearchAction","target":{"@type":"EntryPoint","urlTemplate":"https:\/\/financetechlatam.com\/?s={search_term_string}"},"query-input":{"@type":"PropertyValueSpecification","valueRequired":true,"valueName":"search_term_string"}}],"inLanguage":"en-US"}]}},"_links":{"self":[{"href":"https:\/\/financetechlatam.com\/en\/wp-json\/wp\/v2\/pages\/28","targetHints":{"allow":["GET"]}}],"collection":[{"href":"https:\/\/financetechlatam.com\/en\/wp-json\/wp\/v2\/pages"}],"about":[{"href":"https:\/\/financetechlatam.com\/en\/wp-json\/wp\/v2\/types\/page"}],"author":[{"embeddable":true,"href":"https:\/\/financetechlatam.com\/en\/wp-json\/wp\/v2\/users\/2"}],"replies":[{"embeddable":true,"href":"https:\/\/financetechlatam.com\/en\/wp-json\/wp\/v2\/comments?post=28"}],"version-history":[{"count":532,"href":"https:\/\/financetechlatam.com\/en\/wp-json\/wp\/v2\/pages\/28\/revisions"}],"predecessor-version":[{"id":1651,"href":"https:\/\/financetechlatam.com\/en\/wp-json\/wp\/v2\/pages\/28\/revisions\/1651"}],"wp:attachment":[{"href":"https:\/\/financetechlatam.com\/en\/wp-json\/wp\/v2\/media?parent=28"}],"curies":[{"name":"wp","href":"https:\/\/api.w.org\/{rel}","templated":true}]}}